{"id":67,"date":"2023-07-14T07:05:08","date_gmt":"2023-07-14T03:05:08","guid":{"rendered":"https:\/\/sprynto.com\/?page_id=67"},"modified":"2024-10-15T00:00:17","modified_gmt":"2024-10-14T20:00:17","slug":"blog","status":"publish","type":"page","link":"https:\/\/sprynto.com\/en\/blog\/","title":{"rendered":"Blog"},"content":{"rendered":"<div data-elementor-type=\"wp-page\" data-elementor-id=\"67\" class=\"elementor elementor-67\">\n\t\t\t\t\t\t\t\t\t<section class=\"elementor-section elementor-top-section elementor-element elementor-element-b274802 elementor-section-boxed elementor-section-height-default elementor-section-height-default\" data-id=\"b274802\" data-element_type=\"section\">\n\t\t\t\t\t\t<div class=\"elementor-container elementor-column-gap-default\">\n\t\t\t\t\t<div class=\"elementor-column elementor-col-100 elementor-top-column elementor-element elementor-element-aec6334\" data-id=\"aec6334\" data-element_type=\"column\">\n\t\t\t<div class=\"elementor-widget-wrap elementor-element-populated\">\n\t\t\t\t\t\t\t\t<div class=\"elementor-element elementor-element-a2c8215 elementor-widget elementor-widget-uicore-post-grid\" data-id=\"a2c8215\" data-element_type=\"widget\" data-widget_type=\"uicore-post-grid.default\">\n\t\t\t\t<div class=\"elementor-widget-container\">\n\t\t\t<div class=\"uicore-grid-container uicore-blog-grid uicore-grid-row uicore-grid uicore-landscape-ratio uicore-large-space animate-4 ui-st-simple uicore-blog-widget\">\n            <div class=\"uicore-grid-item uicore-col-md-6 uicore-col-lg-3  uicore-zoom uicore-animate post-596 post type-post status-publish format-standard has-post-thumbnail hentry category-blog\" >\n                <article class=\"uicore-post\">\n                    <div class=\"uicore-post-wrapper\">\n\n                        <a href=\"https:\/\/sprynto.com\/en\/cop29-un-az%c9%99rbaycana-faydalari-v%c9%99-fintech-sektorunun-inkisafi\/\" title=\" View Post: COP29-un Az\u0259rbaycana Faydalar\u0131 v\u0259 FinTech Sektorunun \u0130nki\u015faf\u0131\" >  <div class=\"uicore-blog-img-container uicore-zoom-wrapper\">\n                                            <div class=\"uicore-cover-img\" style=\"background-image: url(https:\/\/sprynto.com\/wp-content\/uploads\/2024\/11\/how-to-1-650x488.png)\"><\/div>\n                                        <\/div><\/a>\n                        <div class=\"uicore-post-info\">\n                            <div class=\"uicore-post-info-wrapper\">\n                                <a href=\"https:\/\/sprynto.com\/en\/cop29-un-az%c9%99rbaycana-faydalari-v%c9%99-fintech-sektorunun-inkisafi\/\" title=\"View Post: COP29-un Az\u0259rbaycana Faydalar\u0131 v\u0259 FinTech Sektorunun \u0130nki\u015faf\u0131 \">                              <h4 class=\"uicore-post-title\"><span>COP29-un Az\u0259rbaycana Faydalar\u0131 v\u0259 FinTech Sektorunun \u0130nki\u015faf\u0131<\/span><\/h4>\n                              <\/a>                            <\/div>\n                        <\/div>\n\n                    <\/div>\n                <\/article>\n            <\/div>\n        \n            <div class=\"uicore-grid-item uicore-col-md-6 uicore-col-lg-3  uicore-zoom uicore-animate post-582 post type-post status-publish format-standard has-post-thumbnail hentry category-blog\" >\n                <article class=\"uicore-post\">\n                    <div class=\"uicore-post-wrapper\">\n\n                        <a href=\"https:\/\/sprynto.com\/en\/vencur-fondu-nedir\/\" title=\" View Post: Ven\u00e7ur Fondu N\u0259dir?\" >  <div class=\"uicore-blog-img-container uicore-zoom-wrapper\">\n                                            <div class=\"uicore-cover-img\" style=\"background-image: url(https:\/\/sprynto.com\/wp-content\/uploads\/2024\/10\/how-to-2-1-650x488.png)\"><\/div>\n                                        <\/div><\/a>\n                        <div class=\"uicore-post-info\">\n                            <div class=\"uicore-post-info-wrapper\">\n                                <a href=\"https:\/\/sprynto.com\/en\/vencur-fondu-nedir\/\" title=\"View Post: Ven\u00e7ur Fondu N\u0259dir? \">                              <h4 class=\"uicore-post-title\"><span>Ven\u00e7ur Fondu N\u0259dir?<\/span><\/h4>\n                              <\/a>                            <\/div>\n                        <\/div>\n\n                    <\/div>\n                <\/article>\n            <\/div>\n        \n            <div class=\"uicore-grid-item uicore-col-md-6 uicore-col-lg-3  uicore-zoom uicore-animate post-496 post type-post status-publish format-standard has-post-thumbnail hentry category-blog\" >\n                <article class=\"uicore-post\">\n                    <div class=\"uicore-post-wrapper\">\n\n                        <a href=\"https:\/\/sprynto.com\/en\/aciq-bankciliq-nedir-ve-enenevi-bankciliqdan-niye-daha-yaxsidir\/\" title=\" View Post: A\u00e7\u0131q Bank\u00e7\u0131l\u0131q N\u0259dir?\" >  <div class=\"uicore-blog-img-container uicore-zoom-wrapper\">\n                                            <div class=\"uicore-cover-img\" style=\"background-image: url(https:\/\/sprynto.com\/wp-content\/uploads\/2024\/10\/n\u0259dIr-3-1-1-650x488.png)\"><\/div>\n                                        <\/div><\/a>\n                        <div class=\"uicore-post-info\">\n                            <div class=\"uicore-post-info-wrapper\">\n                                <a href=\"https:\/\/sprynto.com\/en\/aciq-bankciliq-nedir-ve-enenevi-bankciliqdan-niye-daha-yaxsidir\/\" title=\"View Post: A\u00e7\u0131q Bank\u00e7\u0131l\u0131q N\u0259dir? \">                              <h4 class=\"uicore-post-title\"><span>A\u00e7\u0131q Bank\u00e7\u0131l\u0131q N\u0259dir?<\/span><\/h4>\n                              <\/a>                            <\/div>\n                        <\/div>\n\n                    <\/div>\n                <\/article>\n            <\/div>\n        \n            <div class=\"uicore-grid-item uicore-col-md-6 uicore-col-lg-3  uicore-zoom uicore-animate post-477 post type-post status-publish format-standard has-post-thumbnail hentry category-blog\" >\n                <article class=\"uicore-post\">\n                    <div class=\"uicore-post-wrapper\">\n\n                        <a href=\"https:\/\/sprynto.com\/en\/pulun-tarixi\/\" title=\" View Post: Pulun tarixi\" >  <div class=\"uicore-blog-img-container uicore-zoom-wrapper\">\n                                            <div class=\"uicore-cover-img\" style=\"background-image: url(https:\/\/sprynto.com\/wp-content\/uploads\/2024\/10\/n\u0259dIr-3-1-650x488.png)\"><\/div>\n                                        <\/div><\/a>\n                        <div class=\"uicore-post-info\">\n                            <div class=\"uicore-post-info-wrapper\">\n                                <a href=\"https:\/\/sprynto.com\/en\/pulun-tarixi\/\" title=\"View Post: Pulun tarixi \">                              <h4 class=\"uicore-post-title\"><span>Pulun tarixi<\/span><\/h4>\n                              <\/a>                            <\/div>\n                        <\/div>\n\n                    <\/div>\n                <\/article>\n            <\/div>\n        \n            <div class=\"uicore-grid-item uicore-col-md-6 uicore-col-lg-3  uicore-zoom uicore-animate post-461 post type-post status-publish format-standard has-post-thumbnail hentry category-blog\" >\n                <article class=\"uicore-post\">\n                    <div class=\"uicore-post-wrapper\">\n\n                        <a href=\"https:\/\/sprynto.com\/en\/cashback-nedir\/\" title=\" View Post: Cashback n\u0259dir?!\" >  <div class=\"uicore-blog-img-container uicore-zoom-wrapper\">\n                                            <div class=\"uicore-cover-img\" style=\"background-image: url(https:\/\/sprynto.com\/wp-content\/uploads\/2024\/09\/n\u0259dIr-2-1-650x488.png)\"><\/div>\n                                        <\/div><\/a>\n                        <div class=\"uicore-post-info\">\n                            <div class=\"uicore-post-info-wrapper\">\n                                <a href=\"https:\/\/sprynto.com\/en\/cashback-nedir\/\" title=\"View Post: Cashback n\u0259dir?! \">                              <h4 class=\"uicore-post-title\"><span>Cashback n\u0259dir?!<\/span><\/h4>\n                              <\/a>                            <\/div>\n                        <\/div>\n\n                    <\/div>\n                <\/article>\n            <\/div>\n        \n            <div class=\"uicore-grid-item uicore-col-md-6 uicore-col-lg-3  uicore-zoom uicore-animate post-426 post type-post status-publish format-standard has-post-thumbnail hentry category-blog\" >\n                <article class=\"uicore-post\">\n                    <div class=\"uicore-post-wrapper\">\n\n                        <a href=\"https:\/\/sprynto.com\/en\/investisiya-etmeden-oxumali-oldugunuz-kitablar\/\" title=\" View Post: \u0130nvestisiya etm\u0259d\u0259n oxumal\u0131 oldu\u011funuz kitablar\" >  <div class=\"uicore-blog-img-container uicore-zoom-wrapper\">\n                                            <div class=\"uicore-cover-img\" style=\"background-image: url(https:\/\/sprynto.com\/wp-content\/uploads\/2024\/09\/n\u0259dIr-650x488.jpg)\"><\/div>\n                                        <\/div><\/a>\n                        <div class=\"uicore-post-info\">\n                            <div class=\"uicore-post-info-wrapper\">\n                                <a href=\"https:\/\/sprynto.com\/en\/investisiya-etmeden-oxumali-oldugunuz-kitablar\/\" title=\"View Post: \u0130nvestisiya etm\u0259d\u0259n oxumal\u0131 oldu\u011funuz kitablar \">                              <h4 class=\"uicore-post-title\"><span>\u0130nvestisiya etm\u0259d\u0259n oxumal\u0131 oldu\u011funuz kitablar<\/span><\/h4>\n                              <\/a>                            <\/div>\n                        <\/div>\n\n                    <\/div>\n                <\/article>\n            <\/div>\n        \n            <div class=\"uicore-grid-item uicore-col-md-6 uicore-col-lg-3  uicore-zoom uicore-animate post-408 post type-post status-publish format-standard has-post-thumbnail hentry category-blog\" >\n                <article class=\"uicore-post\">\n                    <div class=\"uicore-post-wrapper\">\n\n                        <a href=\"https:\/\/sprynto.com\/en\/pci-dss-nedir-ve-niye-ehemiyyetlidir\/\" title=\" View Post: PCI DSS N\u0259dir v\u0259 Niy\u0259 \u018fh\u0259miyy\u0259tlidir?\" >  <div class=\"uicore-blog-img-container uicore-zoom-wrapper\">\n                                            <div class=\"uicore-cover-img\" style=\"background-image: url(https:\/\/sprynto.com\/wp-content\/uploads\/2024\/09\/n\u0259dIr-1-1-650x488.png)\"><\/div>\n                                        <\/div><\/a>\n                        <div class=\"uicore-post-info\">\n                            <div class=\"uicore-post-info-wrapper\">\n                                <a href=\"https:\/\/sprynto.com\/en\/pci-dss-nedir-ve-niye-ehemiyyetlidir\/\" title=\"View Post: PCI DSS N\u0259dir v\u0259 Niy\u0259 \u018fh\u0259miyy\u0259tlidir? \">                              <h4 class=\"uicore-post-title\"><span>PCI DSS N\u0259dir v\u0259 Niy\u0259 \u018fh\u0259miyy\u0259tlidir?<\/span><\/h4>\n                              <\/a>                            <\/div>\n                        <\/div>\n\n                    <\/div>\n                <\/article>\n            <\/div>\n        \n            <div class=\"uicore-grid-item uicore-col-md-6 uicore-col-lg-3  uicore-zoom uicore-animate post-360 post type-post status-publish format-standard has-post-thumbnail hentry category-blog\" >\n                <article class=\"uicore-post\">\n                    <div class=\"uicore-post-wrapper\">\n\n                        <a href=\"https:\/\/sprynto.com\/en\/chargeback-n%c9%99dir-v%c9%99-nec%c9%99-isl%c9%99yir\/\" title=\" What is chargeback and how it works?\" >  <div class=\"uicore-blog-img-container uicore-zoom-wrapper\">\n                                            <div class=\"uicore-cover-img\" style=\"background-image: url(https:\/\/sprynto.com\/wp-content\/uploads\/2024\/09\/n\u0259dIr-1-650x488.png)\"><\/div>\n                                        <\/div><\/a>\n                        <div class=\"uicore-post-info\">\n                            <div class=\"uicore-post-info-wrapper\">\n                                <a href=\"https:\/\/sprynto.com\/en\/chargeback-n%c9%99dir-v%c9%99-nec%c9%99-isl%c9%99yir\/\" title=\"What is chargeback and how it works? \">                              <h4 class=\"uicore-post-title\"><span>What is chargeback and how it works?<\/span><\/h4>\n                              <\/a>                            <\/div>\n                        <\/div>\n\n                    <\/div>\n                <\/article>\n            <\/div>\n        <\/div>\t\t<\/div>\n\t\t\t\t<\/div>\n\t\t\t\t\t<\/div>\n\t\t<\/div>\n\t\t\t\t\t\t\t<\/div>\n\t\t<\/section>\n\t\t\t\t\t\t\t<\/div>","protected":false},"excerpt":{"rendered":"<p>Pulun tarixi Cashback n\u0259dir?! \u0130nvestisiya etm\u0259d\u0259n oxumal\u0131 oldu\u011funuz kitablar PCI DSS N\u0259dir v\u0259 Niy\u0259 \u018fh\u0259miyy\u0259tlidir? Chargeback N\u0259dir v\u0259 Nec\u0259 \u0130\u015fl\u0259yir? \u200b<\/p>","protected":false},"author":1,"featured_media":0,"parent":0,"menu_order":0,"comment_status":"closed","ping_status":"closed","template":"","meta":[],"_links":{"self":[{"href":"https:\/\/sprynto.com\/en\/wp-json\/wp\/v2\/pages\/67"}],"collection":[{"href":"https:\/\/sprynto.com\/en\/wp-json\/wp\/v2\/pages"}],"about":[{"href":"https:\/\/sprynto.com\/en\/wp-json\/wp\/v2\/types\/page"}],"author":[{"embeddable":true,"href":"https:\/\/sprynto.com\/en\/wp-json\/wp\/v2\/users\/1"}],"replies":[{"embeddable":true,"href":"https:\/\/sprynto.com\/en\/wp-json\/wp\/v2\/comments?post=67"}],"version-history":[{"count":14,"href":"https:\/\/sprynto.com\/en\/wp-json\/wp\/v2\/pages\/67\/revisions"}],"predecessor-version":[{"id":535,"href":"https:\/\/sprynto.com\/en\/wp-json\/wp\/v2\/pages\/67\/revisions\/535"}],"wp:attachment":[{"href":"https:\/\/sprynto.com\/en\/wp-json\/wp\/v2\/media?parent=67"}],"curies":[{"name":"wp","href":"https:\/\/api.w.org\/{rel}","templated":true}]}}