{"id":529,"date":"2024-10-14T23:58:36","date_gmt":"2024-10-14T19:58:36","guid":{"rendered":"https:\/\/sprynto.com\/?page_id=529"},"modified":"2024-10-15T00:08:45","modified_gmt":"2024-10-14T20:08:45","slug":"mehsullar","status":"publish","type":"page","link":"https:\/\/sprynto.com\/en\/mehsullar\/","title":{"rendered":"Products"},"content":{"rendered":"<div data-elementor-type=\"wp-page\" data-elementor-id=\"529\" class=\"elementor elementor-529\">\n\t\t\t\t\t\t\t\t\t<div class=\"elementor-section elementor-top-section elementor-element elementor-element-df662c6 elementor-section-boxed elementor-section-height-default elementor-section-height-default\" data-id=\"df662c6\" data-element_type=\"section\" id=\"products\">\n\t\t\t\t\t\t<div class=\"elementor-container elementor-column-gap-no\">\n\t\t\t\t\t<div class=\"elementor-column elementor-col-100 elementor-top-column elementor-element elementor-element-203a235\" data-id=\"203a235\" data-element_type=\"column\">\n\t\t\t<div class=\"elementor-widget-wrap elementor-element-populated\">\n\t\t\t\t\t\t\t\t<section class=\"elementor-section elementor-inner-section elementor-element elementor-element-0f50a2f elementor-section-boxed elementor-section-height-default elementor-section-height-default\" data-id=\"0f50a2f\" data-element_type=\"section\">\n\t\t\t\t\t\t<div class=\"elementor-container elementor-column-gap-default\">\n\t\t\t\t\t<div class=\"elementor-column elementor-col-50 elementor-inner-column elementor-element elementor-element-a867f68\" data-id=\"a867f68\" data-element_type=\"column\">\n\t\t\t<div class=\"elementor-widget-wrap elementor-element-populated\">\n\t\t\t\t\t\t\t\t<div class=\"elementor-element elementor-element-83eb18f animated-fast elementor-invisible elementor-widget elementor-widget-heading\" data-id=\"83eb18f\" data-element_type=\"widget\" data-settings=\"{&quot;_animation&quot;:&quot;fadeInUp&quot;}\" data-widget_type=\"heading.default\">\n\t\t\t\t<div class=\"elementor-widget-container\">\n\t\t\t<style>\/*! elementor - v3.14.0 - 26-06-2023 *\/\n.elementor-heading-title{padding:0;margin:0;line-height:1}.elementor-widget-heading .elementor-heading-title[class*=elementor-size-]>a{color:inherit;font-size:inherit;line-height:inherit}.elementor-widget-heading .elementor-heading-title.elementor-size-small{font-size:15px}.elementor-widget-heading .elementor-heading-title.elementor-size-medium{font-size:19px}.elementor-widget-heading .elementor-heading-title.elementor-size-large{font-size:29px}.elementor-widget-heading .elementor-heading-title.elementor-size-xl{font-size:39px}.elementor-widget-heading .elementor-heading-title.elementor-size-xxl{font-size:59px}<\/style><h5 class=\"elementor-heading-title elementor-size-default\">Products<\/h5>\t\t<\/div>\n\t\t\t\t<\/div>\n\t\t\t\t<div class=\"elementor-element elementor-element-b9516de animated-fast elementor-invisible elementor-widget elementor-widget-heading\" data-id=\"b9516de\" data-element_type=\"widget\" data-settings=\"{&quot;_animation&quot;:&quot;fadeInUp&quot;,&quot;_animation_delay&quot;:100}\" data-widget_type=\"heading.default\">\n\t\t\t\t<div class=\"elementor-widget-container\">\n\t\t\t<h2 class=\"elementor-heading-title elementor-size-default\">All your business finances, in one app\u200b<\/h2>\t\t<\/div>\n\t\t\t\t<\/div>\n\t\t\t\t\t<\/div>\n\t\t<\/div>\n\t\t\t\t<div class=\"elementor-column elementor-col-50 elementor-inner-column elementor-element elementor-element-5fd98d0\" data-id=\"5fd98d0\" data-element_type=\"column\">\n\t\t\t<div class=\"elementor-widget-wrap elementor-element-populated\">\n\t\t\t\t\t\t\t\t<div class=\"elementor-element elementor-element-ae8da92 animated-fast elementor-invisible elementor-widget elementor-widget-text-editor\" data-id=\"ae8da92\" data-element_type=\"widget\" data-settings=\"{&quot;_animation&quot;:&quot;fadeInUp&quot;,&quot;_animation_delay&quot;:150}\" data-widget_type=\"text-editor.default\">\n\t\t\t\t<div class=\"elementor-widget-container\">\n\t\t\t<style>\/*! elementor - v3.14.0 - 26-06-2023 *\/\n.elementor-widget-text-editor.elementor-drop-cap-view-stacked .elementor-drop-cap{background-color:#69727d;color:#fff}.elementor-widget-text-editor.elementor-drop-cap-view-framed .elementor-drop-cap{color:#69727d;border:3px solid;background-color:transparent}.elementor-widget-text-editor:not(.elementor-drop-cap-view-default) .elementor-drop-cap{margin-top:8px}.elementor-widget-text-editor:not(.elementor-drop-cap-view-default) .elementor-drop-cap-letter{width:1em;height:1em}.elementor-widget-text-editor .elementor-drop-cap{float:left;text-align:center;line-height:1;font-size:50px}.elementor-widget-text-editor .elementor-drop-cap-letter{display:inline-block}<\/style>\t\t\t\t<p>At Sprynto, we understand that every business needs a reliable and efficient payment processing system to succeed. Our payment solutions are designed to make payment processing simple, secure, and cost-effective. Here are some of the features:<\/p>\t\t\t\t\t\t<\/div>\n\t\t\t\t<\/div>\n\t\t\t\t\t<\/div>\n\t\t<\/div>\n\t\t\t\t\t\t\t<\/div>\n\t\t<\/section>\n\t\t\t\t<section class=\"elementor-section elementor-inner-section elementor-element elementor-element-0e96359 elementor-section-height-min-height animated-fast elementor-section-boxed elementor-section-height-default elementor-invisible\" data-id=\"0e96359\" data-element_type=\"section\" data-settings=\"{&quot;animation&quot;:&quot;fadeInUp&quot;}\">\n\t\t\t\t\t\t<div class=\"elementor-container elementor-column-gap-default\">\n\t\t\t\t\t<div class=\"elementor-column elementor-col-50 elementor-inner-column elementor-element elementor-element-dfa686d\" data-id=\"dfa686d\" data-element_type=\"column\" data-settings=\"{&quot;background_background&quot;:&quot;classic&quot;}\">\n\t\t\t<div class=\"elementor-widget-wrap elementor-element-populated\">\n\t\t\t\t\t\t\t\t<div class=\"elementor-element elementor-element-e8256c0 elementor-widget elementor-widget-image\" data-id=\"e8256c0\" data-element_type=\"widget\" data-widget_type=\"image.default\">\n\t\t\t\t<div class=\"elementor-widget-container\">\n\t\t\t<style>\/*! elementor - v3.14.0 - 26-06-2023 *\/\n.elementor-widget-image{text-align:center}.elementor-widget-image a{display:inline-block}.elementor-widget-image a img[src$=\".svg\"]{width:48px}.elementor-widget-image img{vertical-align:middle;display:inline-block}<\/style>\t\t\t\t\t\t\t\t\t\t\t\t<img decoding=\"async\" width=\"914\" height=\"352\" src=\"https:\/\/sprynto.com\/wp-content\/uploads\/2023\/07\/Payment-Solutions-Products-Image-1.webp\" class=\"attachment-full size-full wp-image-15\" alt=\"\" loading=\"lazy\" srcset=\"https:\/\/sprynto.com\/wp-content\/uploads\/2023\/07\/Payment-Solutions-Products-Image-1.webp 914w, https:\/\/sprynto.com\/wp-content\/uploads\/2023\/07\/Payment-Solutions-Products-Image-1-300x116.webp 300w, https:\/\/sprynto.com\/wp-content\/uploads\/2023\/07\/Payment-Solutions-Products-Image-1-768x296.webp 768w, https:\/\/sprynto.com\/wp-content\/uploads\/2023\/07\/Payment-Solutions-Products-Image-1-650x250.webp 650w\" sizes=\"(max-width: 914px) 100vw, 914px\" \/>\t\t\t\t\t\t\t\t\t\t\t\t\t\t\t<\/div>\n\t\t\t\t<\/div>\n\t\t\t\t\t<\/div>\n\t\t<\/div>\n\t\t\t\t<div class=\"elementor-column elementor-col-50 elementor-inner-column elementor-element elementor-element-601e9b4\" data-id=\"601e9b4\" data-element_type=\"column\">\n\t\t\t<div class=\"elementor-widget-wrap elementor-element-populated\">\n\t\t\t\t\t\t\t\t<div class=\"elementor-element elementor-element-81ed7e0 elementor-widget elementor-widget-heading\" data-id=\"81ed7e0\" data-element_type=\"widget\" data-widget_type=\"heading.default\">\n\t\t\t\t<div class=\"elementor-widget-container\">\n\t\t\t<h5 class=\"elementor-heading-title elementor-size-default\">Online Payment Processing\u200b<\/h5>\t\t<\/div>\n\t\t\t\t<\/div>\n\t\t\t\t<div class=\"elementor-element elementor-element-2fa58f3 elementor-widget elementor-widget-heading\" data-id=\"2fa58f3\" data-element_type=\"widget\" data-widget_type=\"heading.default\">\n\t\t\t\t<div class=\"elementor-widget-container\">\n\t\t\t<h3 class=\"elementor-heading-title elementor-size-default\">Securely accept payments through your website.\u200b<\/h3>\t\t<\/div>\n\t\t\t\t<\/div>\n\t\t\t\t<div class=\"elementor-element elementor-element-2bb0a83 elementor-widget__width-initial elementor-widget-mobile__width-inherit elementor-widget elementor-widget-text-editor\" data-id=\"2bb0a83\" data-element_type=\"widget\" data-widget_type=\"text-editor.default\">\n\t\t\t\t<div class=\"elementor-widget-container\">\n\t\t\t\t\t\t\t<p>Our payment solutions can be easily integrated with your website, online store, or mobile app, allowing you to accept payments seamlessly.<\/p>\t\t\t\t\t\t<\/div>\n\t\t\t\t<\/div>\n\t\t\t\t\t<\/div>\n\t\t<\/div>\n\t\t\t\t\t\t\t<\/div>\n\t\t<\/section>\n\t\t\t\t<section class=\"elementor-section elementor-inner-section elementor-element elementor-element-fc0d899 elementor-section-height-min-height animated-fast elementor-section-boxed elementor-section-height-default elementor-invisible\" data-id=\"fc0d899\" data-element_type=\"section\" data-settings=\"{&quot;animation&quot;:&quot;fadeInUp&quot;}\">\n\t\t\t\t\t\t<div class=\"elementor-container elementor-column-gap-default\">\n\t\t\t\t\t<div class=\"elementor-column elementor-col-50 elementor-inner-column elementor-element elementor-element-339b5f1\" data-id=\"339b5f1\" data-element_type=\"column\" data-settings=\"{&quot;background_background&quot;:&quot;classic&quot;}\">\n\t\t\t<div class=\"elementor-widget-wrap elementor-element-populated\">\n\t\t\t\t\t\t\t\t<div class=\"elementor-element elementor-element-ecdd9bc elementor-widget elementor-widget-image\" data-id=\"ecdd9bc\" data-element_type=\"widget\" data-widget_type=\"image.default\">\n\t\t\t\t<div class=\"elementor-widget-container\">\n\t\t\t\t\t\t\t\t\t\t\t\t\t\t\t<img decoding=\"async\" width=\"864\" height=\"794\" src=\"https:\/\/sprynto.com\/wp-content\/uploads\/2023\/07\/Payment-Solutions-Products-Image-2.webp\" class=\"attachment-full size-full wp-image-16\" alt=\"\" loading=\"lazy\" srcset=\"https:\/\/sprynto.com\/wp-content\/uploads\/2023\/07\/Payment-Solutions-Products-Image-2.webp 864w, https:\/\/sprynto.com\/wp-content\/uploads\/2023\/07\/Payment-Solutions-Products-Image-2-300x276.webp 300w, https:\/\/sprynto.com\/wp-content\/uploads\/2023\/07\/Payment-Solutions-Products-Image-2-768x706.webp 768w, https:\/\/sprynto.com\/wp-content\/uploads\/2023\/07\/Payment-Solutions-Products-Image-2-650x597.webp 650w\" sizes=\"(max-width: 864px) 100vw, 864px\" \/>\t\t\t\t\t\t\t\t\t\t\t\t\t\t\t<\/div>\n\t\t\t\t<\/div>\n\t\t\t\t\t<\/div>\n\t\t<\/div>\n\t\t\t\t<div class=\"elementor-column elementor-col-50 elementor-inner-column elementor-element elementor-element-24ae57a\" data-id=\"24ae57a\" data-element_type=\"column\">\n\t\t\t<div class=\"elementor-widget-wrap elementor-element-populated\">\n\t\t\t\t\t\t\t\t<div class=\"elementor-element elementor-element-243b01d elementor-widget elementor-widget-heading\" data-id=\"243b01d\" data-element_type=\"widget\" data-widget_type=\"heading.default\">\n\t\t\t\t<div class=\"elementor-widget-container\">\n\t\t\t<h5 class=\"elementor-heading-title elementor-size-default\">Mobile PoS System\u200b<\/h5>\t\t<\/div>\n\t\t\t\t<\/div>\n\t\t\t\t<div class=\"elementor-element elementor-element-c4834d8 elementor-widget elementor-widget-heading\" data-id=\"c4834d8\" data-element_type=\"widget\" data-widget_type=\"heading.default\">\n\t\t\t\t<div class=\"elementor-widget-container\">\n\t\t\t<h3 class=\"elementor-heading-title elementor-size-default\">Process transactions with our portable and easy-to-use POS systems.\u200b<\/h3>\t\t<\/div>\n\t\t\t\t<\/div>\n\t\t\t\t<div class=\"elementor-element elementor-element-8c77e8d elementor-widget__width-initial elementor-widget-mobile__width-inherit elementor-widget elementor-widget-text-editor\" data-id=\"8c77e8d\" data-element_type=\"widget\" data-widget_type=\"text-editor.default\">\n\t\t\t\t<div class=\"elementor-widget-container\">\n\t\t\t\t\t\t\t<p>We offer a wide range of payment options, including credit\/debit cards, online banking, and e-wallets, to ensure that your customers can pay using their preferred method.<\/p>\t\t\t\t\t\t<\/div>\n\t\t\t\t<\/div>\n\t\t\t\t\t<\/div>\n\t\t<\/div>\n\t\t\t\t\t\t\t<\/div>\n\t\t<\/section>\n\t\t\t\t<section class=\"elementor-section elementor-inner-section elementor-element elementor-element-96678dd elementor-section-height-min-height animated-fast elementor-section-boxed elementor-section-height-default elementor-invisible\" data-id=\"96678dd\" data-element_type=\"section\" data-settings=\"{&quot;animation&quot;:&quot;fadeInUp&quot;}\">\n\t\t\t\t\t\t<div class=\"elementor-container elementor-column-gap-default\">\n\t\t\t\t\t<div class=\"elementor-column elementor-col-50 elementor-inner-column elementor-element elementor-element-a16ecb8\" data-id=\"a16ecb8\" data-element_type=\"column\" data-settings=\"{&quot;background_background&quot;:&quot;classic&quot;}\">\n\t\t\t<div class=\"elementor-widget-wrap elementor-element-populated\">\n\t\t\t\t\t\t\t\t<div class=\"elementor-element elementor-element-8b62177 elementor-widget elementor-widget-image\" data-id=\"8b62177\" data-element_type=\"widget\" data-widget_type=\"image.default\">\n\t\t\t\t<div class=\"elementor-widget-container\">\n\t\t\t\t\t\t\t\t\t\t\t\t\t\t\t<img decoding=\"async\" width=\"864\" height=\"794\" src=\"https:\/\/sprynto.com\/wp-content\/uploads\/2023\/07\/Payment-Solutions-Products-Image-3.webp\" class=\"attachment-full size-full wp-image-17\" alt=\"\" loading=\"lazy\" srcset=\"https:\/\/sprynto.com\/wp-content\/uploads\/2023\/07\/Payment-Solutions-Products-Image-3.webp 864w, https:\/\/sprynto.com\/wp-content\/uploads\/2023\/07\/Payment-Solutions-Products-Image-3-300x276.webp 300w, https:\/\/sprynto.com\/wp-content\/uploads\/2023\/07\/Payment-Solutions-Products-Image-3-768x706.webp 768w, https:\/\/sprynto.com\/wp-content\/uploads\/2023\/07\/Payment-Solutions-Products-Image-3-650x597.webp 650w\" sizes=\"(max-width: 864px) 100vw, 864px\" \/>\t\t\t\t\t\t\t\t\t\t\t\t\t\t\t<\/div>\n\t\t\t\t<\/div>\n\t\t\t\t\t<\/div>\n\t\t<\/div>\n\t\t\t\t<div class=\"elementor-column elementor-col-50 elementor-inner-column elementor-element elementor-element-a279711\" data-id=\"a279711\" data-element_type=\"column\">\n\t\t\t<div class=\"elementor-widget-wrap elementor-element-populated\">\n\t\t\t\t\t\t\t\t<div class=\"elementor-element elementor-element-df991de elementor-widget elementor-widget-heading\" data-id=\"df991de\" data-element_type=\"widget\" data-widget_type=\"heading.default\">\n\t\t\t\t<div class=\"elementor-widget-container\">\n\t\t\t<h5 class=\"elementor-heading-title elementor-size-default\">Invoices &amp; Billing Software\u200b<\/h5>\t\t<\/div>\n\t\t\t\t<\/div>\n\t\t\t\t<div class=\"elementor-element elementor-element-0f6368e elementor-widget elementor-widget-heading\" data-id=\"0f6368e\" data-element_type=\"widget\" data-widget_type=\"heading.default\">\n\t\t\t\t<div class=\"elementor-widget-container\">\n\t\t\t<h3 class=\"elementor-heading-title elementor-size-default\">Send invoices and accept payments with ease using our user-friendly software.\u200b<\/h3>\t\t<\/div>\n\t\t\t\t<\/div>\n\t\t\t\t<div class=\"elementor-element elementor-element-c0c5382 elementor-widget__width-initial elementor-widget-mobile__width-inherit elementor-widget elementor-widget-text-editor\" data-id=\"c0c5382\" data-element_type=\"widget\" data-widget_type=\"text-editor.default\">\n\t\t\t\t<div class=\"elementor-widget-container\">\n\t\t\t\t\t\t\t<p>Our payment solutions are equipped with advanced fraud prevention tools that detect and prevent fraudulent transactions, keeping your business and customers safe.<\/p>\t\t\t\t\t\t<\/div>\n\t\t\t\t<\/div>\n\t\t\t\t\t<\/div>\n\t\t<\/div>\n\t\t\t\t\t\t\t<\/div>\n\t\t<\/section>\n\t\t\t\t\t<\/div>\n\t\t<\/div>\n\t\t\t\t\t\t\t<\/div>\n\t\t<\/div>\n\t\t\t\t\t\t\t<\/div>","protected":false},"excerpt":{"rendered":"<p>M\u0259hsullar Maliyy\u0259 hesabat\u0131n\u0131z bir t\u0259tbiqd\u0259 Sprynto-da biz ba\u015fa d\u00fc\u015f\u00fcr\u00fck ki, h\u0259r bir biznes u\u011fur qazanmaq \u00fc\u00e7\u00fcn etibarl\u0131 v\u0259 s\u0259m\u0259r\u0259li \u00f6d\u0259ni\u015f sistemin\u0259 ehtiyac [&hellip;]<\/p>","protected":false},"author":1,"featured_media":0,"parent":0,"menu_order":0,"comment_status":"closed","ping_status":"closed","template":"","meta":[],"_links":{"self":[{"href":"https:\/\/sprynto.com\/en\/wp-json\/wp\/v2\/pages\/529"}],"collection":[{"href":"https:\/\/sprynto.com\/en\/wp-json\/wp\/v2\/pages"}],"about":[{"href":"https:\/\/sprynto.com\/en\/wp-json\/wp\/v2\/types\/page"}],"author":[{"embeddable":true,"href":"https:\/\/sprynto.com\/en\/wp-json\/wp\/v2\/users\/1"}],"replies":[{"embeddable":true,"href":"https:\/\/sprynto.com\/en\/wp-json\/wp\/v2\/comments?post=529"}],"version-history":[{"count":7,"href":"https:\/\/sprynto.com\/en\/wp-json\/wp\/v2\/pages\/529\/revisions"}],"predecessor-version":[{"id":555,"href":"https:\/\/sprynto.com\/en\/wp-json\/wp\/v2\/pages\/529\/revisions\/555"}],"wp:attachment":[{"href":"https:\/\/sprynto.com\/en\/wp-json\/wp\/v2\/media?parent=529"}],"curies":[{"name":"wp","href":"https:\/\/api.w.org\/{rel}","templated":true}]}}